{"id":88,"date":"2026-01-04T09:59:08","date_gmt":"2026-01-04T09:59:08","guid":{"rendered":"https:\/\/hispano.ee\/?page_id=88"},"modified":"2026-04-08T12:12:36","modified_gmt":"2026-04-08T12:12:36","slug":"avaleht","status":"publish","type":"page","link":"https:\/\/hispano.ee\/es\/","title":{"rendered":"AVALEHT"},"content":{"rendered":"<figure class=\"wp-block-image size-large\"><img loading=\"lazy\" decoding=\"async\" width=\"1024\" height=\"683\" src=\"https:\/\/hispano.ee\/wp-content\/uploads\/2026\/03\/A69C5CCD-0285-42A8-B93B-042E1CDB324C-1024x683.png\" alt=\"\" class=\"wp-image-252\" srcset=\"https:\/\/hispano.ee\/wp-content\/uploads\/2026\/03\/A69C5CCD-0285-42A8-B93B-042E1CDB324C-1024x683.png 1024w, https:\/\/hispano.ee\/wp-content\/uploads\/2026\/03\/A69C5CCD-0285-42A8-B93B-042E1CDB324C-300x200.png 300w, https:\/\/hispano.ee\/wp-content\/uploads\/2026\/03\/A69C5CCD-0285-42A8-B93B-042E1CDB324C-768x512.png 768w, https:\/\/hispano.ee\/wp-content\/uploads\/2026\/03\/A69C5CCD-0285-42A8-B93B-042E1CDB324C-18x12.png 18w, https:\/\/hispano.ee\/wp-content\/uploads\/2026\/03\/A69C5CCD-0285-42A8-B93B-042E1CDB324C.png 1536w\" sizes=\"auto, (max-width: 1024px) 100vw, 1024px\" \/><\/figure>\n\n\n\n<div class=\"wp-block-group has-global-padding is-layout-constrained wp-block-group-is-layout-constrained\">\n<details class=\"wp-block-details has-medium-font-size is-layout-flow wp-block-details-is-layout-flow\"><summary><strong>Terrall \u2013 m\u00e1s de un siglo de pasi\u00f3n y calidad<\/strong><br>Terrall (Cooperativa Sant Isidre) es la \u00e9lite del aceite de oliva espa\u00f1ol, con una historia que comenz\u00f3 en 1912 en Catalu\u00f1a. No es una producci\u00f3n industrial, sino una cooperativa formada por cientos de familias locales cuyo objetivo com\u00fan es mantener vivo el legado de la mejor aceituna Arbequina del mundo.<br><strong>\u00bfPor qu\u00e9 elegir Terrall?<\/strong><br>Arbequina oliivi kodu: Terrall tegutseb Les Borges Blanquesis \u2013 piirkonnas, mis on selle maheda ja puuviljase sordi ajalooline s\u00fcnnipaik.<br>Rangeim kvaliteedikontroll: See on \u00fcks esimesi, kes p\u00e4lvis DOP Les Garrigues m\u00e4rgistuse, mis on Hispaania vanim ja rangeim p\u00e4ritolusertifikaat.<br>V\u00e4rskuse tipphetk: Oliivid pressitakse k\u00fclmmeetodil vaid m\u00f5ne tunni jooksul p\u00e4rast korjet, et pudelisse j\u00f5uaks elus ja aromaatne &#8220;vedel kuld&#8221;.<br>Maailma parimate lemmik: J\u00e4rjepidev edu maailma suurimal v\u00f5istlusel NYIOOC kuldmedal 2024 ja London IOOC 2025 ning tunnustus Hispaania tippkokkadelt kinnitavad, et tegu on maailmaklassiga.<\/summary>\n<div class=\"wp-block-buttons is-layout-flex wp-block-buttons-is-layout-flex\"><\/div>\n<\/details>\n<\/div>\n\n\n\n<figure class=\"wp-block-image size-large\"><img loading=\"lazy\" decoding=\"async\" width=\"1024\" height=\"683\" src=\"https:\/\/hispano.ee\/wp-content\/uploads\/2026\/01\/cbe14d0c-eedc-44d2-be02-06291f1aee6a-1024x683.jpeg\" alt=\"\" class=\"wp-image-100\" srcset=\"https:\/\/hispano.ee\/wp-content\/uploads\/2026\/01\/cbe14d0c-eedc-44d2-be02-06291f1aee6a-1024x683.jpeg 1024w, https:\/\/hispano.ee\/wp-content\/uploads\/2026\/01\/cbe14d0c-eedc-44d2-be02-06291f1aee6a-300x200.jpeg 300w, https:\/\/hispano.ee\/wp-content\/uploads\/2026\/01\/cbe14d0c-eedc-44d2-be02-06291f1aee6a-768x512.jpeg 768w, https:\/\/hispano.ee\/wp-content\/uploads\/2026\/01\/cbe14d0c-eedc-44d2-be02-06291f1aee6a.jpeg 1536w\" sizes=\"auto, (max-width: 1024px) 100vw, 1024px\" \/><\/figure>\n\n\n\n<details class=\"wp-block-details is-layout-flow wp-block-details-is-layout-flow\"><summary><\/summary>\n<div class=\"wp-block-buttons is-layout-flex wp-block-buttons-is-layout-flex\"><\/div>\n<\/details>\n\n\n\n<figure class=\"wp-block-image size-large\"><img loading=\"lazy\" decoding=\"async\" width=\"1024\" height=\"683\" src=\"https:\/\/hispano.ee\/wp-content\/uploads\/2026\/01\/d73a8604-eda2-4f53-a127-8786411211af-3-1024x683.jpeg\" alt=\"\" class=\"wp-image-101\" srcset=\"https:\/\/hispano.ee\/wp-content\/uploads\/2026\/01\/d73a8604-eda2-4f53-a127-8786411211af-3-1024x683.jpeg 1024w, https:\/\/hispano.ee\/wp-content\/uploads\/2026\/01\/d73a8604-eda2-4f53-a127-8786411211af-3-300x200.jpeg 300w, https:\/\/hispano.ee\/wp-content\/uploads\/2026\/01\/d73a8604-eda2-4f53-a127-8786411211af-3-768x512.jpeg 768w, https:\/\/hispano.ee\/wp-content\/uploads\/2026\/01\/d73a8604-eda2-4f53-a127-8786411211af-3.jpeg 1536w\" sizes=\"auto, (max-width: 1024px) 100vw, 1024px\" \/><\/figure>\n\n\n\n<details class=\"wp-block-details has-medium-font-size is-layout-flow wp-block-details-is-layout-flow\"><summary>Eksklusiivne valik oliive<br>Hispaaniast p\u00e4rit valik oliive-Picadedos, Chupadedos ja klassikalised retseptid,kus kohtuvad p\u00e4ike, aeg ja meisterlik maitsestamine.<\/summary>\n<p><\/p>\n<\/details>\n\n\n\n<figure class=\"wp-block-image size-large\"><img loading=\"lazy\" decoding=\"async\" width=\"1024\" height=\"683\" src=\"https:\/\/hispano.ee\/wp-content\/uploads\/2026\/01\/2c726459-16be-4170-8b80-fb18125513d5-2-1024x683.jpeg\" alt=\"\" class=\"wp-image-102\" srcset=\"https:\/\/hispano.ee\/wp-content\/uploads\/2026\/01\/2c726459-16be-4170-8b80-fb18125513d5-2-1024x683.jpeg 1024w, https:\/\/hispano.ee\/wp-content\/uploads\/2026\/01\/2c726459-16be-4170-8b80-fb18125513d5-2-300x200.jpeg 300w, https:\/\/hispano.ee\/wp-content\/uploads\/2026\/01\/2c726459-16be-4170-8b80-fb18125513d5-2-768x512.jpeg 768w, https:\/\/hispano.ee\/wp-content\/uploads\/2026\/01\/2c726459-16be-4170-8b80-fb18125513d5-2.jpeg 1536w\" sizes=\"auto, (max-width: 1024px) 100vw, 1024px\" \/><\/figure>\n\n\n\n<details class=\"wp-block-details has-medium-font-size is-layout-flow wp-block-details-is-layout-flow\"><summary>Hispaania gurmeevalik<br>Hoolikalt valitud Hispaaniast p\u00e4rit delikatessid: oliivid, juustud, tuunikala, v\u00fcrtsid ja traditsioonilised lisandid- autentsed maitsed, mis toovad Vahemere k\u00f6\u00f6gi sinu lauale.<\/summary>\n<p><\/p>\n<\/details>","protected":false},"excerpt":{"rendered":"","protected":false},"author":1,"featured_media":0,"parent":0,"menu_order":0,"comment_status":"closed","ping_status":"closed","template":"page-with-title","meta":{"footnotes":""},"class_list":["post-88","page","type-page","status-publish","hentry"],"aioseo_notices":[],"_links":{"self":[{"href":"https:\/\/hispano.ee\/es\/wp-json\/wp\/v2\/pages\/88","targetHints":{"allow":["GET"]}}],"collection":[{"href":"https:\/\/hispano.ee\/es\/wp-json\/wp\/v2\/pages"}],"about":[{"href":"https:\/\/hispano.ee\/es\/wp-json\/wp\/v2\/types\/page"}],"author":[{"embeddable":true,"href":"https:\/\/hispano.ee\/es\/wp-json\/wp\/v2\/users\/1"}],"replies":[{"embeddable":true,"href":"https:\/\/hispano.ee\/es\/wp-json\/wp\/v2\/comments?post=88"}],"version-history":[{"count":7,"href":"https:\/\/hispano.ee\/es\/wp-json\/wp\/v2\/pages\/88\/revisions"}],"predecessor-version":[{"id":259,"href":"https:\/\/hispano.ee\/es\/wp-json\/wp\/v2\/pages\/88\/revisions\/259"}],"wp:attachment":[{"href":"https:\/\/hispano.ee\/es\/wp-json\/wp\/v2\/media?parent=88"}],"curies":[{"name":"wp","href":"https:\/\/api.w.org\/{rel}","templated":true}]}}